{"id":30,"date":"2025-07-13T16:22:29","date_gmt":"2025-07-13T16:22:29","guid":{"rendered":"https:\/\/ferroviaria.actiontracker.eu\/?page_id=30"},"modified":"2025-07-13T16:57:25","modified_gmt":"2025-07-13T16:57:25","slug":"inicio-industria-ferroviaria","status":"publish","type":"page","link":"https:\/\/ferroviaria.actiontracker.eu\/","title":{"rendered":"Inicio Industria Ferroviaria"},"content":{"rendered":"\t\t<div data-elementor-type=\"wp-page\" data-elementor-id=\"30\" class=\"elementor elementor-30\" data-elementor-post-type=\"page\">\n\t\t\t\t<div class=\"elementor-element elementor-element-353a8b96 e-flex e-con-boxed e-con e-parent\" data-id=\"353a8b96\" data-element_type=\"container\" data-settings=\"{&quot;background_background&quot;:&quot;classic&quot;}\">\n\t\t\t\t\t<div class=\"e-con-inner\">\n\t\t<div class=\"elementor-element elementor-element-68bb5429 e-con-full e-flex e-con e-child\" data-id=\"68bb5429\" data-element_type=\"container\">\n\t\t<div class=\"elementor-element elementor-element-dc80662 e-con-full e-flex e-con e-child\" data-id=\"dc80662\" data-element_type=\"container\">\n\t\t<div class=\"elementor-element elementor-element-3c143dd4 e-con-full e-flex e-con e-child\" data-id=\"3c143dd4\" data-element_type=\"container\">\n\t\t\t\t<div class=\"elementor-element elementor-element-46a60243 elementor-widget elementor-widget-image\" data-id=\"46a60243\" data-element_type=\"widget\" data-widget_type=\"image.default\">\n\t\t\t\t\t\t\t\t\t\t\t\t\t\t\t<img decoding=\"async\" width=\"151\" height=\"44\" src=\"https:\/\/ferroviaria.actiontracker.eu\/wp-content\/uploads\/2025\/07\/Sin-titulo-1-26-2.png\" class=\"attachment-full size-full wp-image-10\" alt=\"\" \/>\t\t\t\t\t\t\t\t\t\t\t\t\t\t\t<\/div>\n\t\t\t\t<\/div>\n\t\t<div class=\"elementor-element elementor-element-4b95317 e-con-full e-flex e-con e-child\" data-id=\"4b95317\" data-element_type=\"container\">\n\t\t\t\t<div class=\"elementor-element elementor-element-4cc18dd3 elementor-widget elementor-widget-heading\" data-id=\"4cc18dd3\" data-element_type=\"widget\" data-widget_type=\"heading.default\">\n\t\t\t\t\t<h2 class=\"elementor-heading-title elementor-size-default\">Un ecosistema de soluciones para<\/h2>\t\t\t\t<\/div>\n\t\t\t\t<div class=\"elementor-element elementor-element-1cc5ed60 elementor-widget elementor-widget-heading\" data-id=\"1cc5ed60\" data-element_type=\"widget\" data-widget_type=\"heading.default\">\n\t\t\t\t\t<h2 class=\"elementor-heading-title elementor-size-default\">La industria Ferroviaria<\/h2>\t\t\t\t<\/div>\n\t\t\t\t<div class=\"elementor-element elementor-element-781f05bd elementor-widget elementor-widget-button\" data-id=\"781f05bd\" data-element_type=\"widget\" data-widget_type=\"button.default\">\n\t\t\t\t\t\t\t\t\t\t<a class=\"elementor-button elementor-button-link elementor-size-sm\" href=\"https:\/\/actiontracker.eu\/contactenos\/\">\n\t\t\t\t\t\t<span class=\"elementor-button-content-wrapper\">\n\t\t\t\t\t\t\t\t\t<span class=\"elementor-button-text\">Quiero saber m\u00e1s<\/span>\n\t\t\t\t\t<\/span>\n\t\t\t\t\t<\/a>\n\t\t\t\t\t\t\t\t<\/div>\n\t\t\t\t<\/div>\n\t\t\t\t<\/div>\n\t\t\t\t<\/div>\n\t\t<div class=\"elementor-element elementor-element-683424b8 e-con-full elementor-hidden-tablet elementor-hidden-mobile e-flex e-con e-child\" data-id=\"683424b8\" data-element_type=\"container\">\n\t\t\t\t<\/div>\n\t\t\t\t\t<\/div>\n\t\t\t\t<\/div>\n\t\t<div class=\"elementor-element elementor-element-2cd63119 e-flex e-con-boxed e-con e-parent\" data-id=\"2cd63119\" data-element_type=\"container\">\n\t\t\t\t\t<div class=\"e-con-inner\">\n\t\t<div class=\"elementor-element elementor-element-68df509f e-con-full e-flex e-con e-child\" data-id=\"68df509f\" data-element_type=\"container\" data-settings=\"{&quot;background_background&quot;:&quot;classic&quot;}\">\n\t\t<div class=\"elementor-element elementor-element-177095ed e-con-full e-flex e-con e-child\" data-id=\"177095ed\" data-element_type=\"container\">\n\t\t\t\t<div class=\"elementor-element elementor-element-40be71b9 elementor-widget elementor-widget-heading\" data-id=\"40be71b9\" data-element_type=\"widget\" data-widget_type=\"heading.default\">\n\t\t\t\t\t<h3 class=\"elementor-heading-title elementor-size-default\">A trav\u00e9s de una <span class=\"orange\">interfaz intuitiva<\/span> y conectividad avanzada,  <span class=\"orange\">permite un control y seguridad total <\/span> en el entorno de trabajo.<\/h3>\t\t\t\t<\/div>\n\t\t\t\t<\/div>\n\t\t<div class=\"elementor-element elementor-element-1c50a394 e-con-full e-flex e-con e-child\" data-id=\"1c50a394\" data-element_type=\"container\">\n\t\t\t\t<div class=\"elementor-element elementor-element-7b241821 elementor-widget elementor-widget-image\" data-id=\"7b241821\" data-element_type=\"widget\" data-widget_type=\"image.default\">\n\t\t\t\t\t\t\t\t\t\t\t\t\t\t\t<img fetchpriority=\"high\" decoding=\"async\" width=\"326\" height=\"529\" src=\"https:\/\/ferroviaria.actiontracker.eu\/wp-content\/uploads\/2025\/07\/Group-188.png\" class=\"attachment-full size-full wp-image-35\" alt=\"\" srcset=\"https:\/\/ferroviaria.actiontracker.eu\/wp-content\/uploads\/2025\/07\/Group-188.png 326w, https:\/\/ferroviaria.actiontracker.eu\/wp-content\/uploads\/2025\/07\/Group-188-185x300.png 185w\" sizes=\"(max-width: 326px) 100vw, 326px\" \/>\t\t\t\t\t\t\t\t\t\t\t\t\t\t\t<\/div>\n\t\t\t\t<\/div>\n\t\t\t\t<\/div>\n\t\t\t\t\t<\/div>\n\t\t\t\t<\/div>\n\t\t<div class=\"elementor-element elementor-element-4c72ba02 e-con-full e-flex e-con e-parent\" data-id=\"4c72ba02\" data-element_type=\"container\" data-settings=\"{&quot;background_background&quot;:&quot;classic&quot;}\">\n\t\t\t\t<\/div>\n\t\t<div class=\"elementor-element elementor-element-5c07d235 e-con-full e-flex e-con e-parent\" data-id=\"5c07d235\" data-element_type=\"container\" data-settings=\"{&quot;background_background&quot;:&quot;classic&quot;}\">\n\t\t<div class=\"elementor-element elementor-element-2bb31beb e-con-full e-flex e-con e-child\" data-id=\"2bb31beb\" data-element_type=\"container\">\n\t\t\t\t<div class=\"elementor-element elementor-element-7261ab7e elementor-widget elementor-widget-text-editor\" data-id=\"7261ab7e\" data-element_type=\"widget\" data-widget_type=\"text-editor.default\">\n\t\t\t\t\t\t\t\t\t<p>Exocare ha sido dise\u00f1ada para responder a los desaf\u00edos operativos y de seguridad que enfrentan la industria e\u00f3lica. Su implementaci\u00f3n no solo transforma la gesti\u00f3n operativa, sino que ofrece beneficios concretos y medibles en t\u00e9rminos de seguridad, eficiencia y sostenibilidad econ\u00f3mica.<br \/><br \/>La gesti\u00f3n inteligente de tareas, que permite asignar, supervisar y validar actividades en tiempo real, ya sea a trabajadores individuales, cuadrillas o subcontratas. <br \/><br \/>Ademas en entornos peligrosos, el sistema de alertas ofrece monitoreo en tiempo real y protocolos de respuesta automatizados que permiten actuar con rapidez ante cualquier incidente, minimizando riesgos humanos, materiales e impactando directamente en una menor incidencia de bajas laborales, la reducci\u00f3n de costes econ\u00f3micos asociados a la interrupci\u00f3n de actividades, reemplazos o sanciones legales.<br \/><br \/>Gracias a su funcionalidad de geolocalizaci\u00f3n en tiempo real, es posible saber con exactitud d\u00f3nde se encuentran tanto el personal como los equipos,mejorando la log\u00edstica.<\/p>\t\t\t\t\t\t\t\t<\/div>\n\t\t\t\t<\/div>\n\t\t<div class=\"elementor-element elementor-element-488e68c1 e-con-full e-flex e-con e-child\" data-id=\"488e68c1\" data-element_type=\"container\">\n\t\t\t\t<div class=\"elementor-element elementor-element-685ba4b elementor-widget elementor-widget-video\" data-id=\"685ba4b\" data-element_type=\"widget\" data-settings=\"{&quot;youtube_url&quot;:&quot;https:\\\/\\\/www.youtube.com\\\/watch?v=hvnFYgEtAC4&quot;,&quot;video_type&quot;:&quot;youtube&quot;,&quot;controls&quot;:&quot;yes&quot;}\" data-widget_type=\"video.default\">\n\t\t\t\t\t\t\t<div class=\"elementor-wrapper elementor-open-inline\">\n\t\t\t<div class=\"elementor-video\"><\/div>\t\t<\/div>\n\t\t\t\t\t\t<\/div>\n\t\t\t\t<\/div>\n\t\t\t\t<\/div>\n\t\t<div class=\"elementor-element elementor-element-308fcbfc e-flex e-con-boxed e-con e-parent\" data-id=\"308fcbfc\" data-element_type=\"container\">\n\t\t\t\t\t<div class=\"e-con-inner\">\n\t\t<div class=\"elementor-element elementor-element-6b56b330 e-con-full e-flex e-con e-child\" data-id=\"6b56b330\" data-element_type=\"container\">\n\t\t\t\t<div class=\"elementor-element elementor-element-ef86ed1 elementor-widget elementor-widget-heading\" data-id=\"ef86ed1\" data-element_type=\"widget\" data-widget_type=\"heading.default\">\n\t\t\t\t\t<h3 class=\"elementor-heading-title elementor-size-default\"><b>Exocare es una aliada clave!<\/b> \npara optimizar recursos, proteger al equipo humano y garantizar la continuidad de las operaciones en los sectores m\u00e1s exigentes.<\/h3>\t\t\t\t<\/div>\n\t\t\t\t<\/div>\n\t\t\t\t\t<\/div>\n\t\t\t\t<\/div>\n\t\t<div class=\"elementor-element elementor-element-4a3b5153 e-con-full e-flex e-con e-parent\" data-id=\"4a3b5153\" data-element_type=\"container\" data-settings=\"{&quot;background_background&quot;:&quot;classic&quot;}\">\n\t\t<div class=\"elementor-element elementor-element-386a1459 e-con-full e-flex e-con e-child\" data-id=\"386a1459\" data-element_type=\"container\">\n\t\t\t\t<div class=\"elementor-element elementor-element-65cd0ca6 elementor-widget elementor-widget-heading\" data-id=\"65cd0ca6\" data-element_type=\"widget\" data-widget_type=\"heading.default\">\n\t\t\t\t\t<h2 class=\"elementor-heading-title elementor-size-default\">\u00bfBuscas seguridad para el personal y los bienes de tu empresa?<\/h2>\t\t\t\t<\/div>\n\t\t\t\t<div class=\"elementor-element elementor-element-5d953e16 elementor-widget elementor-widget-heading\" data-id=\"5d953e16\" data-element_type=\"widget\" data-widget_type=\"heading.default\">\n\t\t\t\t\t<h2 class=\"elementor-heading-title elementor-size-default\">Cont\u00e1ctanos y recibe toda la informaci\u00f3n que necesitas<\/h2>\t\t\t\t<\/div>\n\t\t\t\t<div class=\"elementor-element elementor-element-376ed969 elementor-widget elementor-widget-button\" data-id=\"376ed969\" data-element_type=\"widget\" data-widget_type=\"button.default\">\n\t\t\t\t\t\t\t\t\t\t<a class=\"elementor-button elementor-button-link elementor-size-sm\" href=\"https:\/\/actiontracker.eu\/contactenos\/\">\n\t\t\t\t\t\t<span class=\"elementor-button-content-wrapper\">\n\t\t\t\t\t\t\t\t\t<span class=\"elementor-button-text\">Contactar<\/span>\n\t\t\t\t\t<\/span>\n\t\t\t\t\t<\/a>\n\t\t\t\t\t\t\t\t<\/div>\n\t\t\t\t<\/div>\n\t\t\t\t<\/div>\n\t\t\t\t<\/div>\n\t\t","protected":false},"excerpt":{"rendered":"<p>Un ecosistema de soluciones para La industria Ferroviaria Quiero saber m\u00e1s A trav\u00e9s de una interfaz intuitiva y conectividad avanzada, [&hellip;]<\/p>\n","protected":false},"author":1,"featured_media":0,"parent":0,"menu_order":0,"comment_status":"closed","ping_status":"closed","template":"","meta":{"site-sidebar-layout":"no-sidebar","site-content-layout":"","ast-site-content-layout":"full-width-container","site-content-style":"default","site-sidebar-style":"default","ast-global-header-display":"","ast-banner-title-visibility":"","ast-main-header-display":"","ast-hfb-above-header-display":"","ast-hfb-below-header-display":"","ast-hfb-mobile-header-display":"","site-post-title":"disabled","ast-breadcrumbs-content":"","ast-featured-img":"disabled","footer-sml-layout":"","theme-transparent-header-meta":"","adv-header-id-meta":"","stick-header-meta":"","header-above-stick-meta":"","header-main-stick-meta":"","header-below-stick-meta":"","astra-migrate-meta-layouts":"default","ast-page-background-enabled":"default","ast-page-background-meta":{"desktop":{"background-color":"var(--ast-global-color-5)","background-image":"","background-repeat":"repeat","background-position":"center center","background-size":"auto","background-attachment":"scroll","background-type":"","background-media":"","overlay-type":"","overlay-color":"","overlay-opacity":"","overlay-gradient":""},"tablet":{"background-color":"","background-image":"","background-repeat":"repeat","background-position":"center center","background-size":"auto","background-attachment":"scroll","background-type":"","background-media":"","overlay-type":"","overlay-color":"","overlay-opacity":"","overlay-gradient":""},"mobile":{"background-color":"","background-image":"","background-repeat":"repeat","background-position":"center center","background-size":"auto","background-attachment":"scroll","background-type":"","background-media":"","overlay-type":"","overlay-color":"","overlay-opacity":"","overlay-gradient":""}},"ast-content-background-meta":{"desktop":{"background-color":"var(--ast-global-color-4)","background-image":"","background-repeat":"repeat","background-position":"center center","background-size":"auto","background-attachment":"scroll","background-type":"","background-media":"","overlay-type":"","overlay-color":"","overlay-opacity":"","overlay-gradient":""},"tablet":{"background-color":"var(--ast-global-color-4)","background-image":"","background-repeat":"repeat","background-position":"center center","background-size":"auto","background-attachment":"scroll","background-type":"","background-media":"","overlay-type":"","overlay-color":"","overlay-opacity":"","overlay-gradient":""},"mobile":{"background-color":"var(--ast-global-color-4)","background-image":"","background-repeat":"repeat","background-position":"center center","background-size":"auto","background-attachment":"scroll","background-type":"","background-media":"","overlay-type":"","overlay-color":"","overlay-opacity":"","overlay-gradient":""}},"footnotes":""},"class_list":["post-30","page","type-page","status-publish","hentry"],"_links":{"self":[{"href":"https:\/\/ferroviaria.actiontracker.eu\/index.php?rest_route=\/wp\/v2\/pages\/30","targetHints":{"allow":["GET"]}}],"collection":[{"href":"https:\/\/ferroviaria.actiontracker.eu\/index.php?rest_route=\/wp\/v2\/pages"}],"about":[{"href":"https:\/\/ferroviaria.actiontracker.eu\/index.php?rest_route=\/wp\/v2\/types\/page"}],"author":[{"embeddable":true,"href":"https:\/\/ferroviaria.actiontracker.eu\/index.php?rest_route=\/wp\/v2\/users\/1"}],"replies":[{"embeddable":true,"href":"https:\/\/ferroviaria.actiontracker.eu\/index.php?rest_route=%2Fwp%2Fv2%2Fcomments&post=30"}],"version-history":[{"count":4,"href":"https:\/\/ferroviaria.actiontracker.eu\/index.php?rest_route=\/wp\/v2\/pages\/30\/revisions"}],"predecessor-version":[{"id":38,"href":"https:\/\/ferroviaria.actiontracker.eu\/index.php?rest_route=\/wp\/v2\/pages\/30\/revisions\/38"}],"wp:attachment":[{"href":"https:\/\/ferroviaria.actiontracker.eu\/index.php?rest_route=%2Fwp%2Fv2%2Fmedia&parent=30"}],"curies":[{"name":"wp","href":"https:\/\/api.w.org\/{rel}","templated":true}]}}